{"id":219,"date":"2021-10-07T17:01:25","date_gmt":"2021-10-07T17:01:25","guid":{"rendered":"https:\/\/motapintar.pt\/page\/?page_id=219"},"modified":"2021-11-12T18:44:55","modified_gmt":"2021-11-12T18:44:55","slug":"sobre-nos","status":"publish","type":"page","link":"https:\/\/motapintar.pt\/page\/sobre-nos\/","title":{"rendered":"Sobre N\u00f3s"},"content":{"rendered":"<div id=\"pl-219\"  class=\"panel-layout\" ><div id=\"pg-219-0\"  class=\"panel-grid panel-has-style\" ><div class=\"siteorigin-panels-stretch panel-row-style-full-width panel-row-style panel-row-style-for-219-0\" data-stretch-type=\"full-stretched\" ><div id=\"pgc-219-0-0\"  class=\"panel-grid-cell\" ><div id=\"panel-219-0-0-0\" class=\"so-panel widget widget_sow-hero panel-first-child panel-last-child\" data-index=\"0\" ><div\n\t\t\t\n\t\t\tclass=\"so-widget-sow-hero so-widget-sow-hero-default-7515847024da-219 so-widget-fittext-wrapper\"\n\t\t\t data-fit-text-compressor=\"0.85\"\n\t\t>\t\t\t\t<div class=\"sow-slider-base\" style=\"display: none\">\n\t\t\t\t\t<ul\n\t\t\t\t\tclass=\"sow-slider-images\"\n\t\t\t\t\tdata-settings=\"{&quot;pagination&quot;:true,&quot;speed&quot;:800,&quot;timeout&quot;:8000,&quot;paused&quot;:false,&quot;pause_on_hover&quot;:false,&quot;swipe&quot;:true,&quot;nav_always_show_desktop&quot;:&quot;&quot;,&quot;nav_always_show_mobile&quot;:&quot;&quot;,&quot;breakpoint&quot;:&quot;780px&quot;,&quot;unmute&quot;:false,&quot;anchor&quot;:null}\"\n\t\t\t\t\t\t\t\t\t\tdata-anchor-id=\"\"\n\t\t\t\t>\t\t<li class=\"sow-slider-image  sow-slider-image-cover\" style=\"visibility: visible;;background-color: #333333\" >\n\t\t\t\t\t<div class=\"sow-slider-image-container\">\n\t\t\t<div class=\"sow-slider-image-wrapper\">\n\t\t\t\t\t\t\t<\/div>\n\t\t<\/div>\n\t\t<div class=\"sow-slider-image-overlay sow-slider-image-cover\" style=\"background-image: url(https:\/\/motapintar.pt\/page\/wp-content\/uploads\/2021\/10\/IMG-20201004-WA0003-1080x380.jpg);opacity: 0.6\"  ><\/div>\t\t<\/li>\n\t\t<\/ul>\t\t\t\t<ol class=\"sow-slider-pagination\">\n\t\t\t\t\t\t\t\t\t\t\t<li><a href=\"#\" data-goto=\"0\" aria-label=\"display slide 1\"><\/a><\/li>\n\t\t\t\t\t\t\t\t\t<\/ol>\n\n\t\t\t\t<div class=\"sow-slide-nav sow-slide-nav-next\">\n\t\t\t\t\t<a href=\"#\" data-goto=\"next\" aria-label=\"next slide\" data-action=\"next\">\n\t\t\t\t\t\t<em class=\"sow-sld-icon-thin-right\"><\/em>\n\t\t\t\t\t<\/a>\n\t\t\t\t<\/div>\n\n\t\t\t\t<div class=\"sow-slide-nav sow-slide-nav-prev\">\n\t\t\t\t\t<a href=\"#\" data-goto=\"previous\" aria-label=\"previous slide\" data-action=\"prev\">\n\t\t\t\t\t\t<em class=\"sow-sld-icon-thin-left\"><\/em>\n\t\t\t\t\t<\/a>\n\t\t\t\t<\/div>\n\t\t\t\t<\/div><\/div><\/div><\/div><\/div><\/div><div id=\"pg-219-1\"  class=\"panel-grid panel-has-style\" ><div class=\"siteorigin-panels-stretch panel-row-style-full-width panel-row-style panel-row-style-for-219-1\" style=\"background-color: #e0e0e0; \" data-stretch-type=\"full\" ><div id=\"pgc-219-1-0\"  class=\"panel-grid-cell\" ><div id=\"panel-219-1-0-0\" class=\"so-panel widget widget_sow-headline panel-first-child\" data-index=\"1\" ><div\n\t\t\t\n\t\t\tclass=\"so-widget-sow-headline so-widget-sow-headline-default-d9ab2a71bee0-219\"\n\t\t\t\n\t\t><div class=\"sow-headline-container \">\n\t<h2 class='sow-headline'>Quem Somos<\/h2><h3 class='sow-sub-headline'>A nossa miss\u00e3o<\/h3><\/div>\n<\/div><\/div><div id=\"panel-219-1-0-1\" class=\"so-panel widget widget_sow-editor panel-last-child\" data-index=\"2\" ><div\n\t\t\t\n\t\t\tclass=\"so-widget-sow-editor so-widget-sow-editor-base\"\n\t\t\t\n\t\t>\n<div class=\"siteorigin-widget-tinymce textwidget\">\n\t<h4 class=\"Standard\" style=\"text-align: justify;\"><span style=\"color: black;\">\u00a0 \u00a0 \u00a0A Mota a Pintar foi idealizada pelo seu gerente Tiago Mota, que iniciou a sua atividade profissional na \u00e1rea da pintura em 2004, somando at\u00e9 ao presente ano de 2021, 17 anos de experiencia. Com tudo isto, no ano de 2014, criou a Mota a Pintar que vem consolidando a sua posi\u00e7\u00e3o no mercado da pintura, permitindo desta forma que se destaque na sua \u00e1rea profissional.<\/span><\/h4>\n<h4 class=\"Standard\" style=\"text-align: justify;\"><span style=\"color: black;\">\u00a0 \u00a0 Ano de 2020, ano de mudan\u00e7as, com a evolu\u00e7\u00e3o e crescimento da Mota a Pintar veio o investimento, sempre com o objetivo de criar novas e melhores condi\u00e7\u00f5es para a nossa equipa e desta forma melhorar os servi\u00e7os realizados para assim, satisfazer as necessidades dos nossos clientes, garantindo dessa forma profissionalismo, qualidade e lealdade nos compromissos assumidos.<\/span><\/h4>\n<h4 class=\"Standard\" style=\"text-align: justify;\"><span style=\"color: black;\">\u00a0 \u00a0 Assim, em 2020, fez-se a mudan\u00e7a de instala\u00e7\u00f5es para a zona industrial de Vila Nova de Sande, efetuando remodela\u00e7\u00f5es de maneira a que o espa\u00e7o fosse funcional e agrad\u00e1vel para a realiza\u00e7\u00e3o das tarefas de todos os colaboradores. Nesse momento, concretiza-se um grande passo na evolu\u00e7\u00e3o da Mota a Pintar como empresa com um espa\u00e7o de excel\u00eancia, com os melhores equipamentos, condi\u00e7\u00f5es de trabalho e seguran\u00e7a para o exerc\u00edcio da sua actividade.<\/span><\/h4>\n<h4><span style=\"color: black;\">\u00a0 \u00a0 Perfei\u00e7\u00e3o, profissionalismo e aud\u00e1cia s\u00e3o alguns dos adjetivos que nos distinguem dos demais; sendo isso poss\u00edvel pelo constante empenho da nossa equipa, que executa sempre todos os servi\u00e7os com empenho e esp\u00edrito de miss\u00e3o.<br \/>\nUma das mais valias implementadas foi a cria\u00e7\u00e3o de uma nova \u00e1rea e melhor estufa. Acondicionada com grande variedade de equipamentos e material da maior qualidade, permite aos nossos colaboradores uma melhoria e rentabilidade not\u00e1vel nos servi\u00e7os realizados.<br \/>\nCapacitando com isto a realiza\u00e7\u00e3o de servi\u00e7os de vernizes e lacagens no mais variado tipo de material e desta forma obter os melhores resultados do servi\u00e7o prestado.<\/span><\/h4>\n<h4><span style=\"color: black;\">Garantimos a si que a obra\/servi\u00e7o por voc\u00ea adjudicada ser\u00e1 executada no prazo estipulado, com a melhor entrega e dedica\u00e7\u00e3o por parte de toda a equipa da Mota a Pintar!<\/span><\/h4>\n<\/div>\n<\/div><\/div><\/div><div id=\"pgc-219-1-1\"  class=\"panel-grid-cell\" ><div id=\"panel-219-1-1-0\" class=\"so-panel widget widget_sow-headline panel-first-child\" data-index=\"3\" ><div\n\t\t\t\n\t\t\tclass=\"so-widget-sow-headline so-widget-sow-headline-default-d9ab2a71bee0-219\"\n\t\t\t\n\t\t><div class=\"sow-headline-container \">\n\t<h2 class='sow-headline'>O Que Fazemos<\/h2><h3 class='sow-sub-headline'>Proporcionar solu\u00e7\u00f5es de qualidade<\/h3><\/div>\n<\/div><\/div><div id=\"panel-219-1-1-1\" class=\"so-panel widget widget_sow-editor\" data-index=\"4\" ><div\n\t\t\t\n\t\t\tclass=\"so-widget-sow-editor so-widget-sow-editor-base\"\n\t\t\t\n\t\t>\n<div class=\"siteorigin-widget-tinymce textwidget\">\n\t<h4 class=\"Standard\"><span style=\"color: black;\">Somos uma empresa destacada na \u00e1rea da pintura, desempenhando servi\u00e7os desde pinturas interiores e exteriores at\u00e9 servi\u00e7os de lacagem, verniz, corti\u00e7a projetada entre outros.<\/span><\/h4>\n<h4 class=\"Standard\"><span style=\"color: black;\">Consulte os servi\u00e7os que prestamos:<\/span><\/h4>\n<ul>\n<li class=\"Standard\"><span style=\"color: black;\"><a href=\"https:\/\/motapintar.pt\/page\/pintura-interior\/\">Pintura Interior<\/a><\/span><\/li>\n<li class=\"Standard\"><span style=\"color: black;\"><a href=\"https:\/\/motapintar.pt\/page\/lacagem-de-produtos-e-superficies\/\">Lacagem de Superf\u00edcies e Objectos<\/a><\/span><\/li>\n<li class=\"Standard\"><span style=\"color: black;\"><a href=\"https:\/\/motapintar.pt\/page\/cortica-projectada\/\">Revestimento em Corti\u00e7a Projectada<\/a><\/span><\/li>\n<\/ul>\n<\/div>\n<\/div><\/div><div id=\"panel-219-1-1-2\" class=\"so-panel widget widget_sow-button\" data-index=\"5\" ><div\n\t\t\t\n\t\t\tclass=\"so-widget-sow-button so-widget-sow-button-atom-c36c0bcefbbe-219\"\n\t\t\t\n\t\t><div class=\"ow-button-base ow-button-align-left\">\n\t<a\n\thref=\"https:\/\/motapintar.pt\/page\/contacte-nos\/\"\n\t\tclass=\"ow-icon-placement-left ow-button-hover\" \t>\n\t\t<span>\n\t\t\t<span class=\"sow-icon-genericons\" data-sow-icon=\"&#xf437;\"\n\t\tstyle=\"color: #ffffff\" \n\t\taria-hidden=\"true\"><\/span>\n\t\t\tContacte-nos!\t\t<\/span>\n\t<\/a>\n<\/div>\n<\/div><\/div><div id=\"panel-219-1-1-3\" class=\"so-panel widget widget_sow-image-grid panel-last-child\" data-index=\"6\" ><div\n\t\t\t\n\t\t\tclass=\"so-widget-sow-image-grid so-widget-sow-image-grid-default-8bf08a9600e8-219\"\n\t\t\t\n\t\t>\t<div\n\t\tclass=\"sow-image-grid-wrapper\"\n\t\tdata-max-width=\"400\"\t\tdata-max-height=\"250\"\t>\n\t\t\t\t\t<div class=\"sow-image-grid-image\">\n\t\t\t\t\t\t\t\t\t\t\t\t<img width=\"1080\" height=\"644\" src=\"https:\/\/motapintar.pt\/page\/wp-content\/uploads\/2021\/10\/camiao.jpg\" class=\"sow-image-grid-image_html\" alt=\"\" decoding=\"async\" title=\"\" loading=\"lazy\" srcset=\"https:\/\/motapintar.pt\/page\/wp-content\/uploads\/2021\/10\/camiao.jpg 1080w, https:\/\/motapintar.pt\/page\/wp-content\/uploads\/2021\/10\/camiao-300x179.jpg 300w, https:\/\/motapintar.pt\/page\/wp-content\/uploads\/2021\/10\/camiao-1024x611.jpg 1024w, https:\/\/motapintar.pt\/page\/wp-content\/uploads\/2021\/10\/camiao-768x458.jpg 768w\" sizes=\"(max-width: 1080px) 100vw, 1080px\" \/>\t\t\t\t\t\t\t\t\t\t\t<\/div>\n\t\t\t<\/div>\n<\/div><\/div><\/div><\/div><\/div><\/div>","protected":false},"excerpt":{"rendered":"<p>\u00a0 \u00a0 \u00a0A Mota a Pintar foi idealizada pelo seu gerente Tiago Mota, que iniciou a sua atividade profissional na \u00e1rea da pintura em 2004, somando at\u00e9 ao presente ano de 2021, 17 anos de experiencia. Com tudo isto, no ano de 2014, criou a Mota a Pintar que vem consolidando a sua posi\u00e7\u00e3o no [&hellip;]<\/p>\n","protected":false},"author":1,"featured_media":0,"parent":0,"menu_order":0,"comment_status":"closed","ping_status":"closed","template":"","meta":{"footnotes":""},"_links":{"self":[{"href":"https:\/\/motapintar.pt\/page\/wp-json\/wp\/v2\/pages\/219"}],"collection":[{"href":"https:\/\/motapintar.pt\/page\/wp-json\/wp\/v2\/pages"}],"about":[{"href":"https:\/\/motapintar.pt\/page\/wp-json\/wp\/v2\/types\/page"}],"author":[{"embeddable":true,"href":"https:\/\/motapintar.pt\/page\/wp-json\/wp\/v2\/users\/1"}],"replies":[{"embeddable":true,"href":"https:\/\/motapintar.pt\/page\/wp-json\/wp\/v2\/comments?post=219"}],"version-history":[{"count":85,"href":"https:\/\/motapintar.pt\/page\/wp-json\/wp\/v2\/pages\/219\/revisions"}],"predecessor-version":[{"id":691,"href":"https:\/\/motapintar.pt\/page\/wp-json\/wp\/v2\/pages\/219\/revisions\/691"}],"wp:attachment":[{"href":"https:\/\/motapintar.pt\/page\/wp-json\/wp\/v2\/media?parent=219"}],"curies":[{"name":"wp","href":"https:\/\/api.w.org\/{rel}","templated":true}]}}