{"id":30,"date":"2021-10-06T15:43:31","date_gmt":"2021-10-06T15:43:31","guid":{"rendered":"https:\/\/motapintar.pt\/page\/home-page\/"},"modified":"2021-11-18T10:32:42","modified_gmt":"2021-11-18T10:32:42","slug":"home-page","status":"publish","type":"page","link":"https:\/\/motapintar.pt\/page\/","title":{"rendered":"Home Page"},"content":{"rendered":"<div id=\"pl-30\"  class=\"panel-layout\" ><div id=\"pg-30-0\"  class=\"panel-grid panel-has-style\" ><div class=\"siteorigin-panels-stretch panel-row-style-full-width panel-row-style panel-row-style-for-30-0\" data-stretch-type=\"full-stretched\" ><div id=\"pgc-30-0-0\"  class=\"panel-grid-cell\" ><div id=\"panel-30-0-0-0\" class=\"so-panel widget widget_sow-image panel-first-child panel-last-child\" data-index=\"0\" ><div\n\t\t\t\n\t\t\tclass=\"so-widget-sow-image so-widget-sow-image-default-8b5b6f678277-30\"\n\t\t\t\n\t\t>\n\n<div class=\"sow-image-container\">\n\t\t<img src=\"https:\/\/motapintar.pt\/page\/wp-content\/uploads\/2021\/10\/galeria-banner_colors-1.jpg\" width=\"1920\" height=\"465\" srcset=\"https:\/\/motapintar.pt\/page\/wp-content\/uploads\/2021\/10\/galeria-banner_colors-1.jpg 1920w, https:\/\/motapintar.pt\/page\/wp-content\/uploads\/2021\/10\/galeria-banner_colors-1-300x73.jpg 300w, https:\/\/motapintar.pt\/page\/wp-content\/uploads\/2021\/10\/galeria-banner_colors-1-1024x248.jpg 1024w, https:\/\/motapintar.pt\/page\/wp-content\/uploads\/2021\/10\/galeria-banner_colors-1-768x186.jpg 768w, https:\/\/motapintar.pt\/page\/wp-content\/uploads\/2021\/10\/galeria-banner_colors-1-1536x372.jpg 1536w\" sizes=\"(max-width: 1920px) 100vw, 1920px\" title=\"galeria banner_colors\" alt=\"\" loading=\"lazy\" \t\tclass=\"so-widget-image\"\/>\n\t<\/div>\n\n<\/div><\/div><\/div><\/div><\/div><div id=\"pg-30-1\"  class=\"panel-grid panel-has-style\" ><div class=\"siteorigin-panels-stretch panel-row-style-full-width panel-row-style panel-row-style-for-30-1\" data-stretch-type=\"full-stretched\" ><div id=\"pgc-30-1-0\"  class=\"panel-grid-cell panel-grid-cell-empty\" ><div class=\"panel-cell-style panel-cell-style-for-30-1-0\" ><\/div><\/div><div id=\"pgc-30-1-1\"  class=\"panel-grid-cell\" ><div id=\"panel-30-1-1-0\" class=\"so-panel widget widget_sow-editor panel-first-child panel-last-child\" data-index=\"1\" ><div\n\t\t\t\n\t\t\tclass=\"so-widget-sow-editor so-widget-sow-editor-base\"\n\t\t\t\n\t\t>\n<div class=\"siteorigin-widget-tinymce textwidget\">\n\t<h4 class=\"Standard\"><span style=\"background: #ffffff;\">A Mota a Pintar deseja-lhe as boas vindas ao nosso website!<\/span><\/h4>\n<h5 class=\"Standard\"><span style=\"background: #ffffff;\">Somos uma empresa de destaque e relevo na \u00e1rea da pintura, desempenhando servi\u00e7os que v\u00e3o desde pinturas interiores e exteriores, lacagens, vernizes, corti\u00e7a projetada entre outros.<\/span><\/h5>\n<h5 class=\"Standard\"><span style=\"background: #ffffff;\">\u00a0<\/span><span style=\"background: #ffffff;\">Aos nossos clientes, garantimos o m\u00e1ximo de seriedade, qualidade e perfei\u00e7\u00e3o no servi\u00e7o solicitado, sempre com comunica\u00e7\u00e3o e lealdade no \u00e1mbito do que for contratualizado.<\/span><\/h5>\n<\/div>\n<\/div><\/div><\/div><div id=\"pgc-30-1-2\"  class=\"panel-grid-cell panel-grid-cell-mobile-last\" ><div id=\"panel-30-1-2-0\" class=\"so-panel widget widget_sow-video panel-first-child panel-last-child\" data-index=\"2\" ><div\n\t\t\t\n\t\t\tclass=\"so-widget-sow-video so-widget-sow-video-base\"\n\t\t\t\n\t\t>\n<div class=\"sow-video-wrapper use-fitvids\">\n\t\t\t<video\n\t\t\t\t\t\t\tid=\"sow-player-1\" \t\t\t\t\t\t\tclass=\"sow-video-widget\" \t\t\t\t\t\t\tpreload=\"auto\" \t\t\t\t\t\t\tstyle=\"width:100%;height:100%;\" \t\t\t\t\t\t\tautoplay=\"1\" \t\t\t\t\t\t\tplaysinline=\"\" \t\t\t\t\t\t\tmuted=\"1\" \t\t\t\t\t\t\tloop=\"true\" \t\t\t\t\t\t\t\t>\n\t\t\t\t\t\t\t<source type=\"video\/mp4\" src=\"https:\/\/motapintar.pt\/page\/wp-content\/uploads\/2021\/10\/PINTURAS-INTERIORES-LIXAGENS-.mp4\"\/>\n\t\t\t\t\t\t\t<source type=\"video\/mp4\" src=\"https:\/\/motapintar.pt\/page\/wp-content\/uploads\/2021\/10\/LACAGENS-EM-ESTUFA-1.mp4\"\/>\n\t\t\t\t\t\t\t<source type=\"video\/mp4\" src=\"https:\/\/motapintar.pt\/page\/wp-content\/uploads\/2021\/10\/cortica00_muted.mp4\"\/>\n\t\t\t\t\t\t\t<source type=\"video\/mp4\" src=\"https:\/\/motapintar.pt\/page\/wp-content\/uploads\/2021\/10\/APLICACAO-DE-CORTICA-PROJETADA-2.mp4\"\/>\n\t\t\t\t\t<\/video>\n\t<\/div>\n<\/div><\/div><\/div><div id=\"pgc-30-1-3\"  class=\"panel-grid-cell panel-grid-cell-empty\" ><\/div><\/div><\/div><div id=\"pg-30-2\"  class=\"panel-grid panel-no-style\" ><div id=\"pgc-30-2-0\"  class=\"panel-grid-cell panel-grid-cell-empty\" ><\/div><\/div><\/div>","protected":false},"excerpt":{"rendered":"<p>A Mota a Pintar deseja-lhe as boas vindas ao nosso website! Somos uma empresa de destaque e relevo na \u00e1rea da pintura, desempenhando servi\u00e7os que v\u00e3o desde pinturas interiores e exteriores, lacagens, vernizes, corti\u00e7a projetada entre outros. \u00a0Aos nossos clientes, garantimos o m\u00e1ximo de seriedade, qualidade e perfei\u00e7\u00e3o no servi\u00e7o solicitado, sempre com comunica\u00e7\u00e3o e [&hellip;]<\/p>\n","protected":false},"author":1,"featured_media":0,"parent":0,"menu_order":0,"comment_status":"closed","ping_status":"closed","template":"templates\/template-full-notitle.php","meta":{"footnotes":""},"_links":{"self":[{"href":"https:\/\/motapintar.pt\/page\/wp-json\/wp\/v2\/pages\/30"}],"collection":[{"href":"https:\/\/motapintar.pt\/page\/wp-json\/wp\/v2\/pages"}],"about":[{"href":"https:\/\/motapintar.pt\/page\/wp-json\/wp\/v2\/types\/page"}],"author":[{"embeddable":true,"href":"https:\/\/motapintar.pt\/page\/wp-json\/wp\/v2\/users\/1"}],"replies":[{"embeddable":true,"href":"https:\/\/motapintar.pt\/page\/wp-json\/wp\/v2\/comments?post=30"}],"version-history":[{"count":97,"href":"https:\/\/motapintar.pt\/page\/wp-json\/wp\/v2\/pages\/30\/revisions"}],"predecessor-version":[{"id":740,"href":"https:\/\/motapintar.pt\/page\/wp-json\/wp\/v2\/pages\/30\/revisions\/740"}],"wp:attachment":[{"href":"https:\/\/motapintar.pt\/page\/wp-json\/wp\/v2\/media?parent=30"}],"curies":[{"name":"wp","href":"https:\/\/api.w.org\/{rel}","templated":true}]}}