{"id":45,"date":"2021-10-06T16:20:58","date_gmt":"2021-10-06T16:20:58","guid":{"rendered":"https:\/\/motapintar.pt\/page\/?page_id=45"},"modified":"2021-11-15T10:56:11","modified_gmt":"2021-11-15T10:56:11","slug":"pintura-interior","status":"publish","type":"page","link":"https:\/\/motapintar.pt\/page\/pintura-interior\/","title":{"rendered":"Pintura Interior"},"content":{"rendered":"<div id=\"pl-45\"  class=\"panel-layout\" ><div id=\"pg-45-0\"  class=\"panel-grid panel-has-style\" ><div class=\"siteorigin-panels-stretch panel-row-style-full-width panel-row-style panel-row-style-for-45-0\" data-stretch-type=\"full-stretched\" ><div id=\"pgc-45-0-0\"  class=\"panel-grid-cell\" ><div id=\"panel-45-0-0-0\" class=\"so-panel widget widget_sow-hero panel-first-child panel-last-child\" data-index=\"0\" ><div\n\t\t\t\n\t\t\tclass=\"so-widget-sow-hero so-widget-sow-hero-default-cfa54120ae91-45 so-widget-fittext-wrapper\"\n\t\t\t data-fit-text-compressor=\"0.85\"\n\t\t>\t\t\t\t<div class=\"sow-slider-base\" style=\"display: none\">\n\t\t\t\t\t<ul\n\t\t\t\t\tclass=\"sow-slider-images\"\n\t\t\t\t\tdata-settings=\"{&quot;pagination&quot;:true,&quot;speed&quot;:800,&quot;timeout&quot;:8000,&quot;paused&quot;:false,&quot;pause_on_hover&quot;:false,&quot;swipe&quot;:true,&quot;nav_always_show_desktop&quot;:&quot;&quot;,&quot;nav_always_show_mobile&quot;:&quot;&quot;,&quot;breakpoint&quot;:&quot;780px&quot;,&quot;unmute&quot;:false,&quot;anchor&quot;:null}\"\n\t\t\t\t\tstyle=\"min-height: 550px\"\t\t\t\t\tdata-anchor-id=\"\"\n\t\t\t\t>\t\t<li class=\"sow-slider-image  sow-slider-image-cover\" style=\"visibility: visible;;background-color: #333333;background-image: url(https:\/\/motapintar.pt\/page\/wp-content\/uploads\/2021\/10\/OBRA-INTERIOR-1.jpg)\" >\n\t\t\t\t\t<div class=\"sow-slider-image-container\">\n\t\t\t<div class=\"sow-slider-image-wrapper\">\n\t\t\t\t\t\t\t<\/div>\n\t\t<\/div>\n\t\t<video class=\"sow-background-element\" autoplay  style=\"opacity: 1\" muted playsinline><source src=\"https:\/\/motapintar.pt\/page\/wp-content\/uploads\/2021\/10\/PINTURAS-INTERIORES-LIXAGENS-.mp4\" type=\"video\/mp4\"><\/video>\t\t<\/li>\n\t\t<\/ul>\t\t\t\t<ol class=\"sow-slider-pagination\">\n\t\t\t\t\t\t\t\t\t\t\t<li><a href=\"#\" data-goto=\"0\" aria-label=\"display slide 1\"><\/a><\/li>\n\t\t\t\t\t\t\t\t\t<\/ol>\n\n\t\t\t\t<div class=\"sow-slide-nav sow-slide-nav-next\">\n\t\t\t\t\t<a href=\"#\" data-goto=\"next\" aria-label=\"next slide\" data-action=\"next\">\n\t\t\t\t\t\t<em class=\"sow-sld-icon-thin-right\"><\/em>\n\t\t\t\t\t<\/a>\n\t\t\t\t<\/div>\n\n\t\t\t\t<div class=\"sow-slide-nav sow-slide-nav-prev\">\n\t\t\t\t\t<a href=\"#\" data-goto=\"previous\" aria-label=\"previous slide\" data-action=\"prev\">\n\t\t\t\t\t\t<em class=\"sow-sld-icon-thin-left\"><\/em>\n\t\t\t\t\t<\/a>\n\t\t\t\t<\/div>\n\t\t\t\t<\/div><\/div><\/div><\/div><\/div><\/div><div id=\"pg-45-1\"  class=\"panel-grid panel-has-style\" ><div class=\"panel-row-style panel-row-style-for-45-1\" ><div id=\"pgc-45-1-0\"  class=\"panel-grid-cell\" ><div id=\"panel-45-1-0-0\" class=\"so-panel widget widget_sow-headline panel-first-child panel-last-child\" data-index=\"1\" ><div\n\t\t\t\n\t\t\tclass=\"so-widget-sow-headline so-widget-sow-headline-default-709671422ac1-45 so-widget-fittext-wrapper\"\n\t\t\t data-fit-text-compressor=\"0.85\"\n\t\t><div class=\"sow-headline-container \">\n\t<h2 class='sow-headline'>PINTURA INTERIOR E EXTERIOR<\/h2>\t\t\t\t\t<div class=\"decoration\">\n\t\t\t\t\t\t<div class=\"decoration-inside\"><\/div>\n\t\t\t\t\t<\/div>\n\t\t\t\t\t<h3 class='sow-sub-headline'>Realizamos pinturas interiores e exteriores de excel\u00eancia, na sua habita\u00e7\u00e3o, loja ou empresa, sempre com o objetivo e compromisso de satistfazer ao m\u00e1ximo as solicita\u00e7\u00f5es dos nossos clientes.  As pinturas ou revestimentos da superf\u00edcie de um edif\u00edcio constituem uma importante barreira protetora, essencial na conserva\u00e7\u00e3o das suas paredes e estruturas. A manuten\u00e7\u00e3o e conserva\u00e7\u00e3o do revestimento e das pinturas de um edif\u00edcio \u00e9 fundamental, n\u00e3o s\u00f3 por quest\u00f5es est\u00e9ticas mas tamb\u00e9m funcionais.  Privilegiar a qualidade e a durabilidade dos materiais significa utilizar uma tinta de boa qualidade e uma prepara\u00e7\u00e3o cuidada da superf\u00edcie.<\/h3><\/div>\n<\/div><\/div><\/div><\/div><\/div><div id=\"pg-45-2\"  class=\"panel-grid panel-has-style\" ><div class=\"siteorigin-panels-stretch panel-row-style-full-width panel-row-style panel-row-style-for-45-2\" data-stretch-type=\"full-stretched\" ><div id=\"pgc-45-2-0\"  class=\"panel-grid-cell\" ><div id=\"panel-45-2-0-0\" class=\"so-panel widget widget_sow-headline panel-first-child panel-last-child\" data-index=\"2\" ><div class=\"panel-widget-style panel-widget-style-for-45-2-0-0\" ><div\n\t\t\t\n\t\t\tclass=\"so-widget-sow-headline so-widget-sow-headline-default-10a894f8e0f1-45 so-widget-fittext-wrapper\"\n\t\t\t data-fit-text-compressor=\"0.85\"\n\t\t><div class=\"sow-headline-container \">\n\t<h2 class='sow-headline'>\"Um mundo de cores \u00e0 sua disposi\u00e7\u00e3o!\"<\/h2><\/div>\n<\/div><\/div><\/div><\/div><\/div><\/div><div id=\"pg-45-3\"  class=\"panel-grid panel-has-style\" ><div class=\"panel-row-style panel-row-style-for-45-3\" ><div id=\"pgc-45-3-0\"  class=\"panel-grid-cell panel-grid-cell-mobile-last\" ><div id=\"panel-45-3-0-0\" class=\"so-panel widget widget_sow-headline panel-first-child\" data-index=\"3\" ><div\n\t\t\t\n\t\t\tclass=\"so-widget-sow-headline so-widget-sow-headline-default-886107dc5de7-45 so-widget-fittext-wrapper\"\n\t\t\t data-fit-text-compressor=\"0.85\"\n\t\t><div class=\"sow-headline-container \">\n\t<h2 class='sow-headline'>Alguns dos Trabalhos Realizados:<\/h2><\/div>\n<\/div><\/div><div id=\"panel-45-3-0-1\" class=\"so-panel widget widget_sow-image-grid panel-last-child\" data-index=\"4\" ><div\n\t\t\t\n\t\t\tclass=\"so-widget-sow-image-grid so-widget-sow-image-grid-default-8bf08a9600e8-45\"\n\t\t\t data-overlay-enabled=\"1\" data-overlay-settings=\"{&quot;enabled_for_widgets&quot;:[&quot;sow-image&quot;,&quot;sow-image-grid&quot;,&quot;sow-simple-masonry&quot;],&quot;theme&quot;:&quot;&quot;,&quot;show_delay&quot;:300,&quot;overlay_color&quot;:&quot;#000000&quot;,&quot;overlay_opacity&quot;:0.8000000000000000444089209850062616169452667236328125,&quot;overlay_position&quot;:&quot;bottom&quot;,&quot;overlay_size&quot;:0.299999999999999988897769753748434595763683319091796875,&quot;desktop_show_trigger&quot;:&quot;hover&quot;,&quot;touch_show_trigger&quot;:&quot;touch&quot;,&quot;responsive_breakpoint&quot;:&quot;1024px&quot;,&quot;responsive_breakpoint_unit&quot;:&quot;px&quot;,&quot;overlay_animation&quot;:&quot;fade&quot;,&quot;overlay_animation_onscreen&quot;:false,&quot;font_family&quot;:&quot;&quot;,&quot;text_size&quot;:&quot;15px&quot;,&quot;text_size_unit&quot;:&quot;px&quot;,&quot;text_color&quot;:&quot;#FFFFFF&quot;,&quot;text_padding&quot;:&quot;22px 22px 22px 22px&quot;,&quot;text_position&quot;:&quot;middle&quot;,&quot;text_align&quot;:&quot;left&quot;,&quot;text_animation&quot;:&quot;&quot;}\"\n\t\t>\t<div\n\t\tclass=\"sow-image-grid-wrapper\"\n\t\tdata-max-width=\"400\"\t\tdata-max-height=\"400\"\t>\n\t\t\t\t\t<div class=\"sow-image-grid-image\">\n\t\t\t\t\t\t\t\t\t\t\t\t\t<a href=\"https:\/\/motapintar.pt\/page\/wp-content\/uploads\/2021\/10\/PINTURAS-INTERIORES.jpg\"\n\t\t\t\t\t\t\t\t\t\t\t\t\t\t\t\t\t\tdata-lightbox=\"pinturas\" \t\t\t\t\t\t\t\t\t\t\t\t\t\t\t\t\t\t\t\t\t\t\t\tdata-lightbox-options=\"{&quot;alwaysShowNavOnTouchDevices&quot;:false,&quot;disabledOnTablet&quot;:false,&quot;disabledOnMobile&quot;:false,&quot;disableScrolling&quot;:false,&quot;overlayColor&quot;:&quot;#000&quot;,&quot;overlayOpacity&quot;:0.8000000000000000444089209850062616169452667236328125,&quot;fadeDuration&quot;:600,&quot;fitImagesInViewport&quot;:true,&quot;imageFadeDuration&quot;:600,&quot;maxHeight&quot;:&quot;&quot;,&quot;maxWidth&quot;:&quot;&quot;,&quot;positionFromTop&quot;:50,&quot;resizeDuration&quot;:700,&quot;showImageNumberLabel&quot;:false,&quot;disableCaption&quot;:&quot;&quot;,&quot;wrapAround&quot;:true,&quot;albumLabel&quot;:&quot;Pinturas %1 of %2&quot;}\" \t\t\t\t\t\t\t\t\t\t\t>\n\t\t\t\t\t\t\t\t<img width=\"150\" height=\"150\" src=\"https:\/\/motapintar.pt\/page\/wp-content\/uploads\/2021\/10\/PINTURAS-INTERIORES-150x150.jpg\" class=\"sow-image-grid-image_html\" alt=\"\" decoding=\"async\" title=\"PINTURAS INTERIORES\" loading=\"lazy\" \/>\t\t\t\t\t\t\t\t\t<\/a>\n\t\t\t\t\t\t\t\t\t\t\t<\/div>\n\t\t\t\t\t<div class=\"sow-image-grid-image\">\n\t\t\t\t\t\t\t\t\t\t\t\t\t<a href=\"https:\/\/motapintar.pt\/page\/wp-content\/uploads\/2021\/10\/PINTURAS-INTERIORES-2aOBRA-3.jpg\"\n\t\t\t\t\t\t\t\t\t\t\t\t\t\t\t\t\t\tdata-lightbox=\"pinturas\" \t\t\t\t\t\t\t\t\t\t\t\t\t\t\t\t\t\t\t\t\t\t\t\tdata-lightbox-options=\"{&quot;alwaysShowNavOnTouchDevices&quot;:false,&quot;disabledOnTablet&quot;:false,&quot;disabledOnMobile&quot;:false,&quot;disableScrolling&quot;:false,&quot;overlayColor&quot;:&quot;#000&quot;,&quot;overlayOpacity&quot;:0.8000000000000000444089209850062616169452667236328125,&quot;fadeDuration&quot;:600,&quot;fitImagesInViewport&quot;:true,&quot;imageFadeDuration&quot;:600,&quot;maxHeight&quot;:&quot;&quot;,&quot;maxWidth&quot;:&quot;&quot;,&quot;positionFromTop&quot;:50,&quot;resizeDuration&quot;:700,&quot;showImageNumberLabel&quot;:false,&quot;disableCaption&quot;:&quot;&quot;,&quot;wrapAround&quot;:true,&quot;albumLabel&quot;:&quot;Pinturas %1 of %2&quot;}\" \t\t\t\t\t\t\t\t\t\t\t>\n\t\t\t\t\t\t\t\t<img width=\"150\" height=\"150\" src=\"https:\/\/motapintar.pt\/page\/wp-content\/uploads\/2021\/10\/PINTURAS-INTERIORES-2aOBRA-3-150x150.jpg\" class=\"sow-image-grid-image_html\" alt=\"\" decoding=\"async\" title=\"PINTURAS INTERIORES 2\u00aaOBRA (3)\" loading=\"lazy\" \/>\t\t\t\t\t\t\t\t\t<\/a>\n\t\t\t\t\t\t\t\t\t\t\t<\/div>\n\t\t\t\t\t<div class=\"sow-image-grid-image\">\n\t\t\t\t\t\t\t\t\t\t\t\t\t<a href=\"https:\/\/motapintar.pt\/page\/wp-content\/uploads\/2021\/10\/PINTURAS-INTERIORES-2.jpg\"\n\t\t\t\t\t\t\t\t\t\t\t\t\t\t\t\t\t\tdata-lightbox=\"pinturas\" \t\t\t\t\t\t\t\t\t\t\t\t\t\t\t\t\t\t\t\t\t\t\t\tdata-lightbox-options=\"{&quot;alwaysShowNavOnTouchDevices&quot;:false,&quot;disabledOnTablet&quot;:false,&quot;disabledOnMobile&quot;:false,&quot;disableScrolling&quot;:false,&quot;overlayColor&quot;:&quot;#000&quot;,&quot;overlayOpacity&quot;:0.8000000000000000444089209850062616169452667236328125,&quot;fadeDuration&quot;:600,&quot;fitImagesInViewport&quot;:true,&quot;imageFadeDuration&quot;:600,&quot;maxHeight&quot;:&quot;&quot;,&quot;maxWidth&quot;:&quot;&quot;,&quot;positionFromTop&quot;:50,&quot;resizeDuration&quot;:700,&quot;showImageNumberLabel&quot;:false,&quot;disableCaption&quot;:&quot;&quot;,&quot;wrapAround&quot;:true,&quot;albumLabel&quot;:&quot;Pinturas %1 of %2&quot;}\" \t\t\t\t\t\t\t\t\t\t\t>\n\t\t\t\t\t\t\t\t<img width=\"150\" height=\"150\" src=\"https:\/\/motapintar.pt\/page\/wp-content\/uploads\/2021\/10\/PINTURAS-INTERIORES-2-150x150.jpg\" class=\"sow-image-grid-image_html\" alt=\"\" decoding=\"async\" title=\"PINTURAS INTERIORES (2)\" loading=\"lazy\" \/>\t\t\t\t\t\t\t\t\t<\/a>\n\t\t\t\t\t\t\t\t\t\t\t<\/div>\n\t\t\t\t\t<div class=\"sow-image-grid-image\">\n\t\t\t\t\t\t\t\t\t\t\t\t\t<a href=\"https:\/\/motapintar.pt\/page\/wp-content\/uploads\/2021\/10\/PINTURAS-INTERIORES-1.jpg\"\n\t\t\t\t\t\t\t\t\t\t\t\t\t\t\t\t\t\tdata-lightbox=\"pinturas\" \t\t\t\t\t\t\t\t\t\t\t\t\t\t\t\t\t\t\t\t\t\t\t\tdata-lightbox-options=\"{&quot;alwaysShowNavOnTouchDevices&quot;:false,&quot;disabledOnTablet&quot;:false,&quot;disabledOnMobile&quot;:false,&quot;disableScrolling&quot;:false,&quot;overlayColor&quot;:&quot;#000&quot;,&quot;overlayOpacity&quot;:0.8000000000000000444089209850062616169452667236328125,&quot;fadeDuration&quot;:600,&quot;fitImagesInViewport&quot;:true,&quot;imageFadeDuration&quot;:600,&quot;maxHeight&quot;:&quot;&quot;,&quot;maxWidth&quot;:&quot;&quot;,&quot;positionFromTop&quot;:50,&quot;resizeDuration&quot;:700,&quot;showImageNumberLabel&quot;:false,&quot;disableCaption&quot;:&quot;&quot;,&quot;wrapAround&quot;:true,&quot;albumLabel&quot;:&quot;Pinturas %1 of %2&quot;}\" \t\t\t\t\t\t\t\t\t\t\t>\n\t\t\t\t\t\t\t\t<img width=\"150\" height=\"150\" src=\"https:\/\/motapintar.pt\/page\/wp-content\/uploads\/2021\/10\/PINTURAS-INTERIORES-1-150x150.jpg\" class=\"sow-image-grid-image_html\" alt=\"\" decoding=\"async\" title=\"PINTURAS INTERIORES (1)\" loading=\"lazy\" \/>\t\t\t\t\t\t\t\t\t<\/a>\n\t\t\t\t\t\t\t\t\t\t\t<\/div>\n\t\t\t\t\t<div class=\"sow-image-grid-image\">\n\t\t\t\t\t\t\t\t\t\t\t\t\t<a href=\"https:\/\/motapintar.pt\/page\/wp-content\/uploads\/2021\/10\/PINTURAS-INTERIORES-2aOBRA-1.jpg\"\n\t\t\t\t\t\t\t\t\t\t\t\t\t\t\t\t\t\tdata-lightbox=\"pinturas\" \t\t\t\t\t\t\t\t\t\t\t\t\t\t\t\t\t\t\t\t\t\t\t\tdata-lightbox-options=\"{&quot;alwaysShowNavOnTouchDevices&quot;:false,&quot;disabledOnTablet&quot;:false,&quot;disabledOnMobile&quot;:false,&quot;disableScrolling&quot;:false,&quot;overlayColor&quot;:&quot;#000&quot;,&quot;overlayOpacity&quot;:0.8000000000000000444089209850062616169452667236328125,&quot;fadeDuration&quot;:600,&quot;fitImagesInViewport&quot;:true,&quot;imageFadeDuration&quot;:600,&quot;maxHeight&quot;:&quot;&quot;,&quot;maxWidth&quot;:&quot;&quot;,&quot;positionFromTop&quot;:50,&quot;resizeDuration&quot;:700,&quot;showImageNumberLabel&quot;:false,&quot;disableCaption&quot;:&quot;&quot;,&quot;wrapAround&quot;:true,&quot;albumLabel&quot;:&quot;Pinturas %1 of %2&quot;}\" \t\t\t\t\t\t\t\t\t\t\t>\n\t\t\t\t\t\t\t\t<img width=\"150\" height=\"150\" src=\"https:\/\/motapintar.pt\/page\/wp-content\/uploads\/2021\/10\/PINTURAS-INTERIORES-2aOBRA-1-150x150.jpg\" class=\"sow-image-grid-image_html\" alt=\"\" decoding=\"async\" title=\"PINTURAS INTERIORES 2\u00aaOBRA (1)\" loading=\"lazy\" \/>\t\t\t\t\t\t\t\t\t<\/a>\n\t\t\t\t\t\t\t\t\t\t\t<\/div>\n\t\t\t\t\t<div class=\"sow-image-grid-image\">\n\t\t\t\t\t\t\t\t\t\t\t\t\t<a href=\"https:\/\/motapintar.pt\/page\/wp-content\/uploads\/2021\/10\/PINTURAS-INTERIORES-2aOBRA-2.jpg\"\n\t\t\t\t\t\t\t\t\t\t\t\t\t\t\t\t\t\tdata-lightbox=\"pinturas\" \t\t\t\t\t\t\t\t\t\t\t\t\t\t\t\t\t\t\t\t\t\t\t\tdata-lightbox-options=\"{&quot;alwaysShowNavOnTouchDevices&quot;:false,&quot;disabledOnTablet&quot;:false,&quot;disabledOnMobile&quot;:false,&quot;disableScrolling&quot;:false,&quot;overlayColor&quot;:&quot;#000&quot;,&quot;overlayOpacity&quot;:0.8000000000000000444089209850062616169452667236328125,&quot;fadeDuration&quot;:600,&quot;fitImagesInViewport&quot;:true,&quot;imageFadeDuration&quot;:600,&quot;maxHeight&quot;:&quot;&quot;,&quot;maxWidth&quot;:&quot;&quot;,&quot;positionFromTop&quot;:50,&quot;resizeDuration&quot;:700,&quot;showImageNumberLabel&quot;:false,&quot;disableCaption&quot;:&quot;&quot;,&quot;wrapAround&quot;:true,&quot;albumLabel&quot;:&quot;Pinturas %1 of %2&quot;}\" \t\t\t\t\t\t\t\t\t\t\t>\n\t\t\t\t\t\t\t\t<img width=\"150\" height=\"150\" src=\"https:\/\/motapintar.pt\/page\/wp-content\/uploads\/2021\/10\/PINTURAS-INTERIORES-2aOBRA-2-150x150.jpg\" class=\"sow-image-grid-image_html\" alt=\"\" decoding=\"async\" title=\"PINTURAS INTERIORES 2\u00aaOBRA (2)\" loading=\"lazy\" \/>\t\t\t\t\t\t\t\t\t<\/a>\n\t\t\t\t\t\t\t\t\t\t\t<\/div>\n\t\t\t\t\t<div class=\"sow-image-grid-image\">\n\t\t\t\t\t\t\t\t\t\t\t\t\t<a href=\"https:\/\/motapintar.pt\/page\/wp-content\/uploads\/2021\/10\/PINTURAS-E-ISOLACOES-INTERIORES-2.jpg\"\n\t\t\t\t\t\t\t\t\t\t\t\t\t\t\t\t\t\tdata-lightbox=\"pinturas\" \t\t\t\t\t\t\t\t\t\t\t\t\t\t\t\t\t\t\t\t\t\t\t\tdata-lightbox-options=\"{&quot;alwaysShowNavOnTouchDevices&quot;:false,&quot;disabledOnTablet&quot;:false,&quot;disabledOnMobile&quot;:false,&quot;disableScrolling&quot;:false,&quot;overlayColor&quot;:&quot;#000&quot;,&quot;overlayOpacity&quot;:0.8000000000000000444089209850062616169452667236328125,&quot;fadeDuration&quot;:600,&quot;fitImagesInViewport&quot;:true,&quot;imageFadeDuration&quot;:600,&quot;maxHeight&quot;:&quot;&quot;,&quot;maxWidth&quot;:&quot;&quot;,&quot;positionFromTop&quot;:50,&quot;resizeDuration&quot;:700,&quot;showImageNumberLabel&quot;:false,&quot;disableCaption&quot;:&quot;&quot;,&quot;wrapAround&quot;:true,&quot;albumLabel&quot;:&quot;Pinturas %1 of %2&quot;}\" \t\t\t\t\t\t\t\t\t\t\t>\n\t\t\t\t\t\t\t\t<img width=\"150\" height=\"150\" src=\"https:\/\/motapintar.pt\/page\/wp-content\/uploads\/2021\/10\/PINTURAS-E-ISOLACOES-INTERIORES-2-150x150.jpg\" class=\"sow-image-grid-image_html\" alt=\"\" decoding=\"async\" title=\"PINTURAS E ISOLA\u00c7\u00d5ES INTERIORES (2)\" loading=\"lazy\" \/>\t\t\t\t\t\t\t\t\t<\/a>\n\t\t\t\t\t\t\t\t\t\t\t<\/div>\n\t\t\t\t\t<div class=\"sow-image-grid-image\">\n\t\t\t\t\t\t\t\t\t\t\t\t\t<a href=\"https:\/\/motapintar.pt\/page\/wp-content\/uploads\/2021\/10\/PINTURAS-E-ISOLACOES-INTERIORES-1.jpg\"\n\t\t\t\t\t\t\t\t\t\t\t\t\t\t\t\t\t\tdata-lightbox=\"pinturas\" \t\t\t\t\t\t\t\t\t\t\t\t\t\t\t\t\t\t\t\t\t\t\t\tdata-lightbox-options=\"{&quot;alwaysShowNavOnTouchDevices&quot;:false,&quot;disabledOnTablet&quot;:false,&quot;disabledOnMobile&quot;:false,&quot;disableScrolling&quot;:false,&quot;overlayColor&quot;:&quot;#000&quot;,&quot;overlayOpacity&quot;:0.8000000000000000444089209850062616169452667236328125,&quot;fadeDuration&quot;:600,&quot;fitImagesInViewport&quot;:true,&quot;imageFadeDuration&quot;:600,&quot;maxHeight&quot;:&quot;&quot;,&quot;maxWidth&quot;:&quot;&quot;,&quot;positionFromTop&quot;:50,&quot;resizeDuration&quot;:700,&quot;showImageNumberLabel&quot;:false,&quot;disableCaption&quot;:&quot;&quot;,&quot;wrapAround&quot;:true,&quot;albumLabel&quot;:&quot;Pinturas %1 of %2&quot;}\" \t\t\t\t\t\t\t\t\t\t\t>\n\t\t\t\t\t\t\t\t<img width=\"150\" height=\"150\" src=\"https:\/\/motapintar.pt\/page\/wp-content\/uploads\/2021\/10\/PINTURAS-E-ISOLACOES-INTERIORES-1-150x150.jpg\" class=\"sow-image-grid-image_html\" alt=\"\" decoding=\"async\" title=\"PINTURAS E ISOLA\u00c7\u00d5ES INTERIORES (1)\" loading=\"lazy\" \/>\t\t\t\t\t\t\t\t\t<\/a>\n\t\t\t\t\t\t\t\t\t\t\t<\/div>\n\t\t\t\t\t<div class=\"sow-image-grid-image\">\n\t\t\t\t\t\t\t\t\t\t\t\t\t<a href=\"https:\/\/motapintar.pt\/page\/wp-content\/uploads\/2021\/10\/PINTURA-INTERIORES-2aOBRA-6.jpg\"\n\t\t\t\t\t\t\t\t\t\t\t\t\t\t\t\t\t\tdata-lightbox=\"pinturas\" \t\t\t\t\t\t\t\t\t\t\t\t\t\t\t\t\t\t\t\t\t\t\t\tdata-lightbox-options=\"{&quot;alwaysShowNavOnTouchDevices&quot;:false,&quot;disabledOnTablet&quot;:false,&quot;disabledOnMobile&quot;:false,&quot;disableScrolling&quot;:false,&quot;overlayColor&quot;:&quot;#000&quot;,&quot;overlayOpacity&quot;:0.8000000000000000444089209850062616169452667236328125,&quot;fadeDuration&quot;:600,&quot;fitImagesInViewport&quot;:true,&quot;imageFadeDuration&quot;:600,&quot;maxHeight&quot;:&quot;&quot;,&quot;maxWidth&quot;:&quot;&quot;,&quot;positionFromTop&quot;:50,&quot;resizeDuration&quot;:700,&quot;showImageNumberLabel&quot;:false,&quot;disableCaption&quot;:&quot;&quot;,&quot;wrapAround&quot;:true,&quot;albumLabel&quot;:&quot;Pinturas %1 of %2&quot;}\" \t\t\t\t\t\t\t\t\t\t\t>\n\t\t\t\t\t\t\t\t<img width=\"150\" height=\"150\" src=\"https:\/\/motapintar.pt\/page\/wp-content\/uploads\/2021\/10\/PINTURA-INTERIORES-2aOBRA-6-150x150.jpg\" class=\"sow-image-grid-image_html\" alt=\"\" decoding=\"async\" title=\"PINTURA INTERIORES 2\u00aaOBRA (6)\" loading=\"lazy\" \/>\t\t\t\t\t\t\t\t\t<\/a>\n\t\t\t\t\t\t\t\t\t\t\t<\/div>\n\t\t\t\t\t<div class=\"sow-image-grid-image\">\n\t\t\t\t\t\t\t\t\t\t\t\t\t<a href=\"https:\/\/motapintar.pt\/page\/wp-content\/uploads\/2021\/10\/PINTURAS-INTERIORES-2aOBRA-4.jpg\"\n\t\t\t\t\t\t\t\t\t\t\t\t\t\t\t\t\t\tdata-lightbox=\"pinturas\" \t\t\t\t\t\t\t\t\t\t\t\t\t\t\t\t\t\t\t\t\t\t\t\tdata-lightbox-options=\"{&quot;alwaysShowNavOnTouchDevices&quot;:false,&quot;disabledOnTablet&quot;:false,&quot;disabledOnMobile&quot;:false,&quot;disableScrolling&quot;:false,&quot;overlayColor&quot;:&quot;#000&quot;,&quot;overlayOpacity&quot;:0.8000000000000000444089209850062616169452667236328125,&quot;fadeDuration&quot;:600,&quot;fitImagesInViewport&quot;:true,&quot;imageFadeDuration&quot;:600,&quot;maxHeight&quot;:&quot;&quot;,&quot;maxWidth&quot;:&quot;&quot;,&quot;positionFromTop&quot;:50,&quot;resizeDuration&quot;:700,&quot;showImageNumberLabel&quot;:false,&quot;disableCaption&quot;:&quot;&quot;,&quot;wrapAround&quot;:true,&quot;albumLabel&quot;:&quot;Pinturas %1 of %2&quot;}\" \t\t\t\t\t\t\t\t\t\t\t>\n\t\t\t\t\t\t\t\t<img width=\"150\" height=\"150\" src=\"https:\/\/motapintar.pt\/page\/wp-content\/uploads\/2021\/10\/PINTURAS-INTERIORES-2aOBRA-4-150x150.jpg\" class=\"sow-image-grid-image_html\" alt=\"\" decoding=\"async\" title=\"PINTURAS INTERIORES 2\u00aaOBRA (4)\" loading=\"lazy\" \/>\t\t\t\t\t\t\t\t\t<\/a>\n\t\t\t\t\t\t\t\t\t\t\t<\/div>\n\t\t\t\t\t<div class=\"sow-image-grid-image\">\n\t\t\t\t\t\t\t\t\t\t\t\t\t<a href=\"https:\/\/motapintar.pt\/page\/wp-content\/uploads\/2021\/10\/PINTURA-DE-ESTRUTURAS-2.jpg\"\n\t\t\t\t\t\t\t\t\t\t\t\t\t\t\t\t\t\tdata-lightbox=\"pinturas\" \t\t\t\t\t\t\t\t\t\t\t\t\t\t\t\t\t\t\t\t\t\t\t\tdata-lightbox-options=\"{&quot;alwaysShowNavOnTouchDevices&quot;:false,&quot;disabledOnTablet&quot;:false,&quot;disabledOnMobile&quot;:false,&quot;disableScrolling&quot;:false,&quot;overlayColor&quot;:&quot;#000&quot;,&quot;overlayOpacity&quot;:0.8000000000000000444089209850062616169452667236328125,&quot;fadeDuration&quot;:600,&quot;fitImagesInViewport&quot;:true,&quot;imageFadeDuration&quot;:600,&quot;maxHeight&quot;:&quot;&quot;,&quot;maxWidth&quot;:&quot;&quot;,&quot;positionFromTop&quot;:50,&quot;resizeDuration&quot;:700,&quot;showImageNumberLabel&quot;:false,&quot;disableCaption&quot;:&quot;&quot;,&quot;wrapAround&quot;:true,&quot;albumLabel&quot;:&quot;Pinturas %1 of %2&quot;}\" \t\t\t\t\t\t\t\t\t\t\t>\n\t\t\t\t\t\t\t\t<img width=\"150\" height=\"150\" src=\"https:\/\/motapintar.pt\/page\/wp-content\/uploads\/2021\/10\/PINTURA-DE-ESTRUTURAS-2-150x150.jpg\" class=\"sow-image-grid-image_html\" alt=\"\" decoding=\"async\" title=\"PINTURA DE ESTRUTURAS (2)\" loading=\"lazy\" \/>\t\t\t\t\t\t\t\t\t<\/a>\n\t\t\t\t\t\t\t\t\t\t\t<\/div>\n\t\t\t\t\t<div class=\"sow-image-grid-image\">\n\t\t\t\t\t\t\t\t\t\t\t\t\t<a href=\"https:\/\/motapintar.pt\/page\/wp-content\/uploads\/2021\/10\/PINTURA-DE-TELHADOS-4.jpg\"\n\t\t\t\t\t\t\t\t\t\t\t\t\t\t\t\t\t\tdata-lightbox=\"pinturas\" \t\t\t\t\t\t\t\t\t\t\t\t\t\t\t\t\t\t\t\t\t\t\t\tdata-lightbox-options=\"{&quot;alwaysShowNavOnTouchDevices&quot;:false,&quot;disabledOnTablet&quot;:false,&quot;disabledOnMobile&quot;:false,&quot;disableScrolling&quot;:false,&quot;overlayColor&quot;:&quot;#000&quot;,&quot;overlayOpacity&quot;:0.8000000000000000444089209850062616169452667236328125,&quot;fadeDuration&quot;:600,&quot;fitImagesInViewport&quot;:true,&quot;imageFadeDuration&quot;:600,&quot;maxHeight&quot;:&quot;&quot;,&quot;maxWidth&quot;:&quot;&quot;,&quot;positionFromTop&quot;:50,&quot;resizeDuration&quot;:700,&quot;showImageNumberLabel&quot;:false,&quot;disableCaption&quot;:&quot;&quot;,&quot;wrapAround&quot;:true,&quot;albumLabel&quot;:&quot;Pinturas %1 of %2&quot;}\" \t\t\t\t\t\t\t\t\t\t\t>\n\t\t\t\t\t\t\t\t<img width=\"150\" height=\"150\" src=\"https:\/\/motapintar.pt\/page\/wp-content\/uploads\/2021\/10\/PINTURA-DE-TELHADOS-4-150x150.jpg\" class=\"sow-image-grid-image_html\" alt=\"\" decoding=\"async\" title=\"PINTURA DE TELHADOS (4)\" loading=\"lazy\" \/>\t\t\t\t\t\t\t\t\t<\/a>\n\t\t\t\t\t\t\t\t\t\t\t<\/div>\n\t\t\t\t\t<div class=\"sow-image-grid-image\">\n\t\t\t\t\t\t\t\t\t\t\t\t\t<a href=\"https:\/\/motapintar.pt\/page\/wp-content\/uploads\/2021\/11\/PINTURAS-EXTERIORES-DE-GRADEAMENTOS-2.jpg\"\n\t\t\t\t\t\t\t\t\t\t\t\t\t\t\t\t\t\tdata-lightbox=\"pinturas\" \t\t\t\t\t\t\t\t\t\t\t\t\t\t\t\t\t\t\t\t\t\t\t\tdata-lightbox-options=\"{&quot;alwaysShowNavOnTouchDevices&quot;:false,&quot;disabledOnTablet&quot;:false,&quot;disabledOnMobile&quot;:false,&quot;disableScrolling&quot;:false,&quot;overlayColor&quot;:&quot;#000&quot;,&quot;overlayOpacity&quot;:0.8000000000000000444089209850062616169452667236328125,&quot;fadeDuration&quot;:600,&quot;fitImagesInViewport&quot;:true,&quot;imageFadeDuration&quot;:600,&quot;maxHeight&quot;:&quot;&quot;,&quot;maxWidth&quot;:&quot;&quot;,&quot;positionFromTop&quot;:50,&quot;resizeDuration&quot;:700,&quot;showImageNumberLabel&quot;:false,&quot;disableCaption&quot;:&quot;&quot;,&quot;wrapAround&quot;:true,&quot;albumLabel&quot;:&quot;Pinturas %1 of %2&quot;}\" \t\t\t\t\t\t\t\t\t\t\t>\n\t\t\t\t\t\t\t\t<img width=\"150\" height=\"150\" src=\"https:\/\/motapintar.pt\/page\/wp-content\/uploads\/2021\/11\/PINTURAS-EXTERIORES-DE-GRADEAMENTOS-2-150x150.jpg\" class=\"sow-image-grid-image_html\" alt=\"\" decoding=\"async\" title=\"PINTURAS EXTERIORES DE GRADEAMENTOS (2)\" loading=\"lazy\" \/>\t\t\t\t\t\t\t\t\t<\/a>\n\t\t\t\t\t\t\t\t\t\t\t<\/div>\n\t\t\t<\/div>\n<\/div><\/div><\/div><div id=\"pgc-45-3-1\"  class=\"panel-grid-cell panel-grid-cell-empty\" ><\/div><\/div><\/div><\/div>","protected":false},"excerpt":{"rendered":"<p>PINTURA INTERIOR E EXTERIOR Realizamos pinturas interiores e exteriores de excel\u00eancia, na sua habita\u00e7\u00e3o, loja ou empresa, sempre com o objetivo e compromisso de satistfazer ao m\u00e1ximo as solicita\u00e7\u00f5es dos nossos clientes. As pinturas ou revestimentos da superf\u00edcie de um edif\u00edcio constituem uma importante barreira protetora, essencial na conserva\u00e7\u00e3o das suas paredes e estruturas. A [&hellip;]<\/p>\n","protected":false},"author":1,"featured_media":0,"parent":0,"menu_order":0,"comment_status":"closed","ping_status":"closed","template":"","meta":{"footnotes":""},"_links":{"self":[{"href":"https:\/\/motapintar.pt\/page\/wp-json\/wp\/v2\/pages\/45"}],"collection":[{"href":"https:\/\/motapintar.pt\/page\/wp-json\/wp\/v2\/pages"}],"about":[{"href":"https:\/\/motapintar.pt\/page\/wp-json\/wp\/v2\/types\/page"}],"author":[{"embeddable":true,"href":"https:\/\/motapintar.pt\/page\/wp-json\/wp\/v2\/users\/1"}],"replies":[{"embeddable":true,"href":"https:\/\/motapintar.pt\/page\/wp-json\/wp\/v2\/comments?post=45"}],"version-history":[{"count":99,"href":"https:\/\/motapintar.pt\/page\/wp-json\/wp\/v2\/pages\/45\/revisions"}],"predecessor-version":[{"id":709,"href":"https:\/\/motapintar.pt\/page\/wp-json\/wp\/v2\/pages\/45\/revisions\/709"}],"wp:attachment":[{"href":"https:\/\/motapintar.pt\/page\/wp-json\/wp\/v2\/media?parent=45"}],"curies":[{"name":"wp","href":"https:\/\/api.w.org\/{rel}","templated":true}]}}